{"id":6094,"date":"2025-07-17T10:21:07","date_gmt":"2025-07-17T08:21:07","guid":{"rendered":"https:\/\/fomoburger.es\/?post_type=product&#038;p=6094"},"modified":"2026-02-23T18:52:31","modified_gmt":"2026-02-23T17:52:31","slug":"puerto-escondido-copia","status":"publish","type":"product","link":"https:\/\/fomoburger.es\/fr\/producto\/puerto-escondido-copia\/","title":{"rendered":"Puerto Escondido (copia)"},"content":{"rendered":"<p>Burger de b\u0153uf 180g, cheddar, bacon, chutney de tomates \u00e9pic\u00e9 et avocat.<\/p>\n","protected":false},"excerpt":{"rendered":"<p>Burger de b\u0153uf 180g, cheddar, bacon, chutney de tomates \u00e9pic\u00e9 et avocat.<\/p>\n<div>\n<div style=\"color: red;\">Ce produit comprend des frites GRATUITES !!!<\/div>\n<\/div>\n","protected":false},"featured_media":5368,"template":"","meta":[],"product_brand":[],"product_cat":[],"product_tag":[81],"class_list":{"0":"post-6094","1":"product","2":"type-product","3":"status-publish","4":"has-post-thumbnail","6":"product_tag-hamburgers","8":"first","9":"outofstock","10":"taxable","11":"shipping-taxable","12":"purchasable","13":"product-type-variable"},"supplier_id":null,"supplier_sku":"","barcode":null,"atum_controlled":true,"out_stock_date":"2026-02-23 18:52:31","out_stock_threshold":null,"inheritable":true,"inbound_stock":0,"stock_on_hold":241,"sold_today":0,"sales_last_days":0,"reserved_stock":null,"customer_returns":0,"warehouse_damage":null,"lost_in_post":null,"other_logs":null,"out_stock_days":52,"lost_sales":0,"has_location":false,"update_date":"2026-04-17T04:32:13","atum_locations":[],"atum_stock_status":"outofstock","restock_status":false,"low_stock_amount":"","sales_update_date":"2026-04-17T04:32:13","calc_backorders":null,"_links":{"self":[{"href":"https:\/\/fomoburger.es\/fr\/wp-json\/wp\/v2\/product\/6094","targetHints":{"allow":["GET"]}}],"collection":[{"href":"https:\/\/fomoburger.es\/fr\/wp-json\/wp\/v2\/product"}],"about":[{"href":"https:\/\/fomoburger.es\/fr\/wp-json\/wp\/v2\/types\/product"}],"version-history":[{"count":1,"href":"https:\/\/fomoburger.es\/fr\/wp-json\/wp\/v2\/product\/6094\/revisions"}],"predecessor-version":[{"id":6105,"href":"https:\/\/fomoburger.es\/fr\/wp-json\/wp\/v2\/product\/6094\/revisions\/6105"}],"wp:featuredmedia":[{"embeddable":true,"href":"https:\/\/fomoburger.es\/fr\/wp-json\/wp\/v2\/media\/5368"}],"wp:attachment":[{"href":"https:\/\/fomoburger.es\/fr\/wp-json\/wp\/v2\/media?parent=6094"}],"wp:term":[{"taxonomy":"product_brand","embeddable":true,"href":"https:\/\/fomoburger.es\/fr\/wp-json\/wp\/v2\/product_brand?post=6094"},{"taxonomy":"product_cat","embeddable":true,"href":"https:\/\/fomoburger.es\/fr\/wp-json\/wp\/v2\/product_cat?post=6094"},{"taxonomy":"product_tag","embeddable":true,"href":"https:\/\/fomoburger.es\/fr\/wp-json\/wp\/v2\/product_tag?post=6094"}],"curies":[{"name":"wp","href":"https:\/\/api.w.org\/{rel}","templated":true}]}}