{"id":6034,"date":"2025-07-17T10:13:39","date_gmt":"2025-07-17T08:13:39","guid":{"rendered":"https:\/\/fomoburger.es\/?post_type=product&#038;p=6034"},"modified":"2026-02-21T19:34:46","modified_gmt":"2026-02-21T18:34:46","slug":"theahupoo-copia","status":"publish","type":"product","link":"https:\/\/fomoburger.es\/fr\/producto\/theahupoo-copia\/","title":{"rendered":"Theahupoo (copia)"},"content":{"rendered":"<p>Burger de b\u0153uf 180g, tomate, oignon grill\u00e9, cheddar, poulet grill\u00e9 et mayonnaise.<\/p>\n","protected":false},"excerpt":{"rendered":"<p>180g de b\u0153uf, choux de Bruxelles, tomate, oignon r\u00f4ti, cheddar, poulet r\u00f4ti et mayonnaise.<\/p>\n<div>\n<div style=\"color: red;\">Ce produit comprend des frites GRATUITES !!!<\/div>\n<\/div>\n","protected":false},"featured_media":5371,"template":"","meta":[],"product_brand":[],"product_cat":[],"product_tag":[81],"class_list":{"0":"post-6034","1":"product","2":"type-product","3":"status-publish","4":"has-post-thumbnail","6":"product_tag-hamburgers","8":"first","9":"outofstock","10":"taxable","11":"shipping-taxable","12":"purchasable","13":"product-type-variable"},"supplier_id":null,"supplier_sku":"","barcode":null,"atum_controlled":true,"out_stock_date":"2026-02-21 19:34:46","out_stock_threshold":null,"inheritable":true,"inbound_stock":0,"stock_on_hold":203,"sold_today":0,"sales_last_days":0,"reserved_stock":null,"customer_returns":0,"warehouse_damage":null,"lost_in_post":null,"other_logs":null,"out_stock_days":58,"lost_sales":0,"has_location":false,"update_date":"2026-04-21T06:01:44","atum_locations":[],"atum_stock_status":"outofstock","restock_status":false,"low_stock_amount":"","sales_update_date":"2026-04-21T06:01:44","calc_backorders":null,"_links":{"self":[{"href":"https:\/\/fomoburger.es\/fr\/wp-json\/wp\/v2\/product\/6034","targetHints":{"allow":["GET"]}}],"collection":[{"href":"https:\/\/fomoburger.es\/fr\/wp-json\/wp\/v2\/product"}],"about":[{"href":"https:\/\/fomoburger.es\/fr\/wp-json\/wp\/v2\/types\/product"}],"version-history":[{"count":1,"href":"https:\/\/fomoburger.es\/fr\/wp-json\/wp\/v2\/product\/6034\/revisions"}],"predecessor-version":[{"id":6045,"href":"https:\/\/fomoburger.es\/fr\/wp-json\/wp\/v2\/product\/6034\/revisions\/6045"}],"wp:featuredmedia":[{"embeddable":true,"href":"https:\/\/fomoburger.es\/fr\/wp-json\/wp\/v2\/media\/5371"}],"wp:attachment":[{"href":"https:\/\/fomoburger.es\/fr\/wp-json\/wp\/v2\/media?parent=6034"}],"wp:term":[{"taxonomy":"product_brand","embeddable":true,"href":"https:\/\/fomoburger.es\/fr\/wp-json\/wp\/v2\/product_brand?post=6034"},{"taxonomy":"product_cat","embeddable":true,"href":"https:\/\/fomoburger.es\/fr\/wp-json\/wp\/v2\/product_cat?post=6034"},{"taxonomy":"product_tag","embeddable":true,"href":"https:\/\/fomoburger.es\/fr\/wp-json\/wp\/v2\/product_tag?post=6034"}],"curies":[{"name":"wp","href":"https:\/\/api.w.org\/{rel}","templated":true}]}}