{"id":6019,"date":"2025-07-17T10:11:50","date_gmt":"2025-07-17T08:11:50","guid":{"rendered":"https:\/\/fomoburger.es\/?post_type=product&#038;p=6019"},"modified":"2025-11-15T19:56:44","modified_gmt":"2025-11-15T18:56:44","slug":"chicken-reef-copia","status":"publish","type":"product","link":"https:\/\/fomoburger.es\/fr\/producto\/chicken-reef-copia\/","title":{"rendered":"Chicken Reef (copia)"},"content":{"rendered":"<p>Poulet pan\u00e9, fromage cheddar, oignon caram\u00e9lis\u00e9, sauce mayo-sriracha<\/p>\n","protected":false},"excerpt":{"rendered":"<p>Poulet pan\u00e9, fromage cheddar, oignon caram\u00e9lis\u00e9 et sauce mayo sriracha.<\/p>\n","protected":false},"featured_media":5359,"template":"","meta":[],"product_brand":[],"product_cat":[],"product_tag":[81],"class_list":{"0":"post-6019","1":"product","2":"type-product","3":"status-publish","4":"has-post-thumbnail","6":"product_tag-hamburgers","8":"first","9":"instock","10":"taxable","11":"shipping-taxable","12":"purchasable","13":"product-type-variable"},"supplier_id":null,"supplier_sku":"","barcode":null,"atum_controlled":true,"out_stock_date":null,"out_stock_threshold":null,"inheritable":true,"inbound_stock":0,"stock_on_hold":285,"sold_today":0,"sales_last_days":0,"reserved_stock":null,"customer_returns":0,"warehouse_damage":null,"lost_in_post":null,"other_logs":null,"out_stock_days":0,"lost_sales":0,"has_location":false,"update_date":"2026-04-17T04:32:19","atum_locations":[],"atum_stock_status":"instock","restock_status":false,"low_stock_amount":"","sales_update_date":"2026-04-17T04:32:19","calc_backorders":null,"_links":{"self":[{"href":"https:\/\/fomoburger.es\/fr\/wp-json\/wp\/v2\/product\/6019","targetHints":{"allow":["GET"]}}],"collection":[{"href":"https:\/\/fomoburger.es\/fr\/wp-json\/wp\/v2\/product"}],"about":[{"href":"https:\/\/fomoburger.es\/fr\/wp-json\/wp\/v2\/types\/product"}],"version-history":[{"count":1,"href":"https:\/\/fomoburger.es\/fr\/wp-json\/wp\/v2\/product\/6019\/revisions"}],"predecessor-version":[{"id":6030,"href":"https:\/\/fomoburger.es\/fr\/wp-json\/wp\/v2\/product\/6019\/revisions\/6030"}],"wp:featuredmedia":[{"embeddable":true,"href":"https:\/\/fomoburger.es\/fr\/wp-json\/wp\/v2\/media\/5359"}],"wp:attachment":[{"href":"https:\/\/fomoburger.es\/fr\/wp-json\/wp\/v2\/media?parent=6019"}],"wp:term":[{"taxonomy":"product_brand","embeddable":true,"href":"https:\/\/fomoburger.es\/fr\/wp-json\/wp\/v2\/product_brand?post=6019"},{"taxonomy":"product_cat","embeddable":true,"href":"https:\/\/fomoburger.es\/fr\/wp-json\/wp\/v2\/product_cat?post=6019"},{"taxonomy":"product_tag","embeddable":true,"href":"https:\/\/fomoburger.es\/fr\/wp-json\/wp\/v2\/product_tag?post=6019"}],"curies":[{"name":"wp","href":"https:\/\/api.w.org\/{rel}","templated":true}]}}