{"id":3561,"date":"2024-11-13T10:55:11","date_gmt":"2024-11-13T08:55:11","guid":{"rendered":"https:\/\/fomoburger.es\/a-propos-de-nous\/"},"modified":"2025-03-31T11:55:13","modified_gmt":"2025-03-31T10:55:13","slug":"a-propos-de-nous","status":"publish","type":"page","link":"https:\/\/fomoburger.es\/fr\/a-propos-de-nous\/","title":{"rendered":"\u00c0 propos de nous"},"content":{"rendered":"\t\t<div data-elementor-type=\"wp-page\" data-elementor-id=\"3561\" class=\"elementor elementor-3561 elementor-1646\" data-elementor-post-type=\"page\">\n\t\t\t\t<div class=\"elementor-element elementor-element-23df06e e-con-full e-flex e-con e-parent\" data-id=\"23df06e\" data-element_type=\"container\" data-settings=\"{&quot;background_background&quot;:&quot;classic&quot;}\">\n\t\t<div class=\"elementor-element elementor-element-7a0b8e3 e-con-full e-flex e-con e-child\" data-id=\"7a0b8e3\" data-element_type=\"container\">\n\t\t\t\t<div class=\"elementor-element elementor-element-a17103f elementor-widget elementor-widget-heading\" data-id=\"a17103f\" data-element_type=\"widget\" data-widget_type=\"heading.default\">\n\t\t\t\t<div class=\"elementor-widget-container\">\n\t\t\t\t\t<h4 class=\"elementor-heading-title elementor-size-default\">\u00c0 propos de nous<\/h4>\t\t\t\t<\/div>\n\t\t\t\t<\/div>\n\t\t\t\t<div class=\"elementor-element elementor-element-2b2ec1e elementor-widget__width-initial color-scheme-inherit text-left elementor-widget elementor-widget-text-editor\" data-id=\"2b2ec1e\" data-element_type=\"widget\" data-widget_type=\"text-editor.default\">\n\t\t\t\t<div class=\"elementor-widget-container\">\n\t\t\t\t\t\t\t\t\t<p>FOMO est un concept de burger innovant \u00e0 Mah\u00f3n, n\u00e9 de l&#8217;exp\u00e9rience et de la qualit\u00e9 du Tapas Surf Bar S&#8217;Olivera de Sant Llu\u00eds, qui est une r\u00e9f\u00e9rence sur l&#8217;\u00eele depuis 10 ans. Ce projet est la r\u00e9alisation du r\u00eave de deux amis qui voulaient cr\u00e9er quelque chose d&#8217;unique pour la ville. <\/p><p> <\/p><p> <\/p><p> <\/p><p>Avec un esprit surfeur et canaille, FOMO s&#8217;inspire des nouvelles tendances des burgers premium et smash, en proposant un service exclusivement de livraison et de retrait. Cela r\u00e9duit non seulement les d\u00e9lais d&#8217;attente, mais nous permet \u00e9galement de toucher un public plus large, en nous positionnant comme le premier restaurant de burger exclusivement \u00e0 livraison sur l&#8217;\u00eele. <\/p><p>Le nom FOMO, qui signifie \u00ab Fear Of Missing Out \u00bb, refl\u00e8te l&#8217;essence du projet : personne ne veut manquer l&#8217;occasion de d\u00e9guster les meilleurs burgers de Minorque.<\/p><p>Fomito est l&#8217;\u00e2me rebelle de FOMO, toujours pr\u00eate \u00e0<br>apportez la bonne ambiance et le meilleur d\u00eener chez vous.<\/p>\t\t\t\t\t\t\t\t<\/div>\n\t\t\t\t<\/div>\n\t\t\t\t<\/div>\n\t\t<div class=\"elementor-element elementor-element-a276545 e-con-full e-flex e-con e-child\" data-id=\"a276545\" data-element_type=\"container\" data-settings=\"{&quot;background_background&quot;:&quot;classic&quot;}\">\n\t\t\t\t<div class=\"elementor-element elementor-element-baac646 elementor-widget elementor-widget-image\" data-id=\"baac646\" data-element_type=\"widget\" data-widget_type=\"image.default\">\n\t\t\t\t<div class=\"elementor-widget-container\">\n\t\t\t\t\t\t\t\t\t\t\t\t\t\t\t<img loading=\"lazy\" decoding=\"async\" width=\"794\" height=\"899\" src=\"https:\/\/fomoburger.es\/wp-content\/uploads\/2024\/10\/fomo_place.webp\" class=\"attachment-large size-large wp-image-3041\" alt=\"\" srcset=\"https:\/\/fomoburger.es\/wp-content\/uploads\/2024\/10\/fomo_place.webp 794w, https:\/\/fomoburger.es\/wp-content\/uploads\/2024\/10\/fomo_place-150x170.webp 150w, https:\/\/fomoburger.es\/wp-content\/uploads\/2024\/10\/fomo_place-600x679.webp 600w, https:\/\/fomoburger.es\/wp-content\/uploads\/2024\/10\/fomo_place-265x300.webp 265w, https:\/\/fomoburger.es\/wp-content\/uploads\/2024\/10\/fomo_place-768x870.webp 768w\" sizes=\"auto, (max-width: 794px) 100vw, 794px\" \/>\t\t\t\t\t\t\t\t\t\t\t\t\t\t\t<\/div>\n\t\t\t\t<\/div>\n\t\t\t\t<\/div>\n\t\t\t\t<\/div>\n\t\t\t\t<\/div>\n\t\t","protected":false},"excerpt":{"rendered":"<p>\u00c0 propos de nous FOMO est un concept de burger innovant \u00e0 Mah\u00f3n, n\u00e9 de l&#8217;exp\u00e9rience et de la qualit\u00e9<\/p>\n","protected":false},"author":1,"featured_media":0,"parent":0,"menu_order":0,"comment_status":"closed","ping_status":"closed","template":"elementor_header_footer","meta":{"footnotes":""},"class_list":["post-3561","page","type-page","status-publish","hentry"],"_links":{"self":[{"href":"https:\/\/fomoburger.es\/fr\/wp-json\/wp\/v2\/pages\/3561","targetHints":{"allow":["GET"]}}],"collection":[{"href":"https:\/\/fomoburger.es\/fr\/wp-json\/wp\/v2\/pages"}],"about":[{"href":"https:\/\/fomoburger.es\/fr\/wp-json\/wp\/v2\/types\/page"}],"author":[{"embeddable":true,"href":"https:\/\/fomoburger.es\/fr\/wp-json\/wp\/v2\/users\/1"}],"replies":[{"embeddable":true,"href":"https:\/\/fomoburger.es\/fr\/wp-json\/wp\/v2\/comments?post=3561"}],"version-history":[{"count":1,"href":"https:\/\/fomoburger.es\/fr\/wp-json\/wp\/v2\/pages\/3561\/revisions"}],"predecessor-version":[{"id":3562,"href":"https:\/\/fomoburger.es\/fr\/wp-json\/wp\/v2\/pages\/3561\/revisions\/3562"}],"wp:attachment":[{"href":"https:\/\/fomoburger.es\/fr\/wp-json\/wp\/v2\/media?parent=3561"}],"curies":[{"name":"wp","href":"https:\/\/api.w.org\/{rel}","templated":true}]}}