{"id":3492,"date":"2024-10-09T06:15:11","date_gmt":"2024-10-09T04:15:11","guid":{"rendered":"https:\/\/fomoburger.es\/mon-compte\/"},"modified":"2025-04-07T11:10:09","modified_gmt":"2025-04-07T10:10:09","slug":"mon-compte","status":"publish","type":"page","link":"https:\/\/fomoburger.es\/fr\/mon-compte\/","title":{"rendered":"Mon compte"},"content":{"rendered":"\t\t<div data-elementor-type=\"wp-page\" data-elementor-id=\"3492\" class=\"elementor elementor-3492 elementor-13\" data-elementor-post-type=\"page\">\n\t\t\t\t<div class=\"elementor-element elementor-element-67b778f5 e-con-full e-flex e-con e-parent\" data-id=\"67b778f5\" data-element_type=\"container\">\n\t\t\t\t<div class=\"elementor-element elementor-element-a3c0d7e e-my-account-tabs-horizontal elementor-widget elementor-widget-woocommerce-my-account\" data-id=\"a3c0d7e\" data-element_type=\"widget\" data-widget_type=\"woocommerce-my-account.default\">\n\t\t\t\t<div class=\"elementor-widget-container\">\n\t\t\t\t\t<div class=\"e-my-account-tab e-my-account-tab__ \">\t\t\t<div class=\"woocommerce\"><\/div>\t\t<\/div>\n\t\t\t\t\t\t<\/div>\n\t\t\t\t<\/div>\n\t\t\t\t<\/div>\n\t\t\t\t<\/div>\n\t\t","protected":false},"excerpt":{"rendered":"<p>Bureau Ordres T\u00e9l\u00e9chargements Instructions D\u00e9tails du compte Cerrar sesi\u00f3n Bureau Ordres T\u00e9l\u00e9chargements Instructions D\u00e9tails du compte Cerrar sesi\u00f3n Mi cuenta<\/p>\n","protected":false},"author":1,"featured_media":0,"parent":0,"menu_order":0,"comment_status":"closed","ping_status":"closed","template":"","meta":{"footnotes":""},"class_list":["post-3492","page","type-page","status-publish","hentry"],"_links":{"self":[{"href":"https:\/\/fomoburger.es\/fr\/wp-json\/wp\/v2\/pages\/3492","targetHints":{"allow":["GET"]}}],"collection":[{"href":"https:\/\/fomoburger.es\/fr\/wp-json\/wp\/v2\/pages"}],"about":[{"href":"https:\/\/fomoburger.es\/fr\/wp-json\/wp\/v2\/types\/page"}],"author":[{"embeddable":true,"href":"https:\/\/fomoburger.es\/fr\/wp-json\/wp\/v2\/users\/1"}],"replies":[{"embeddable":true,"href":"https:\/\/fomoburger.es\/fr\/wp-json\/wp\/v2\/comments?post=3492"}],"version-history":[{"count":3,"href":"https:\/\/fomoburger.es\/fr\/wp-json\/wp\/v2\/pages\/3492\/revisions"}],"predecessor-version":[{"id":4268,"href":"https:\/\/fomoburger.es\/fr\/wp-json\/wp\/v2\/pages\/3492\/revisions\/4268"}],"wp:attachment":[{"href":"https:\/\/fomoburger.es\/fr\/wp-json\/wp\/v2\/media?parent=3492"}],"curies":[{"name":"wp","href":"https:\/\/api.w.org\/{rel}","templated":true}]}}