{"id":4427,"date":"2025-04-08T10:59:13","date_gmt":"2025-04-08T08:59:13","guid":{"rendered":"https:\/\/fomoburger.es\/?post_type=product&#038;p=4427"},"modified":"2025-04-08T11:33:45","modified_gmt":"2025-04-08T09:33:45","slug":"camiseta-a","status":"publish","type":"product","link":"https:\/\/fomoburger.es\/en\/producto\/camiseta-a\/","title":{"rendered":"Camiseta A"},"content":{"rendered":"<p>Esta camiseta est\u00e1 muy chula. De hecho, es pon\u00e9rtela y solo har\u00e1s que atraer la mirada de la gente. Be part of us.<\/p>\n","protected":false},"excerpt":{"rendered":"<p>Esta camiseta est\u00e1 muy chula. De hecho, es pon\u00e9rtela y solo har\u00e1s que atraer la mirada de la gente. Be<\/p>\n","protected":false},"featured_media":2974,"template":"","meta":[],"product_brand":[],"product_cat":[95],"product_tag":[],"class_list":{"0":"post-4427","1":"product","2":"type-product","3":"status-publish","4":"has-post-thumbnail","6":"product_cat-camiseta","8":"first","9":"instock","10":"taxable","11":"shipping-taxable","12":"purchasable","13":"product-type-variable"},"supplier_id":null,"supplier_sku":"","barcode":null,"atum_controlled":true,"out_stock_date":null,"out_stock_threshold":null,"inheritable":false,"inbound_stock":0,"stock_on_hold":0,"sold_today":0,"sales_last_days":0,"reserved_stock":0,"customer_returns":0,"warehouse_damage":0,"lost_in_post":0,"other_logs":0,"out_stock_days":0,"lost_sales":0,"has_location":false,"update_date":"2026-04-17T04:32:10","atum_locations":[],"atum_stock_status":"instock","restock_status":false,"low_stock_amount":"","sales_update_date":"2026-04-17T04:32:10","calc_backorders":null,"_links":{"self":[{"href":"https:\/\/fomoburger.es\/en\/wp-json\/wp\/v2\/product\/4427","targetHints":{"allow":["GET"]}}],"collection":[{"href":"https:\/\/fomoburger.es\/en\/wp-json\/wp\/v2\/product"}],"about":[{"href":"https:\/\/fomoburger.es\/en\/wp-json\/wp\/v2\/types\/product"}],"version-history":[{"count":1,"href":"https:\/\/fomoburger.es\/en\/wp-json\/wp\/v2\/product\/4427\/revisions"}],"predecessor-version":[{"id":4433,"href":"https:\/\/fomoburger.es\/en\/wp-json\/wp\/v2\/product\/4427\/revisions\/4433"}],"wp:featuredmedia":[{"embeddable":true,"href":"https:\/\/fomoburger.es\/en\/wp-json\/wp\/v2\/media\/2974"}],"wp:attachment":[{"href":"https:\/\/fomoburger.es\/en\/wp-json\/wp\/v2\/media?parent=4427"}],"wp:term":[{"taxonomy":"product_brand","embeddable":true,"href":"https:\/\/fomoburger.es\/en\/wp-json\/wp\/v2\/product_brand?post=4427"},{"taxonomy":"product_cat","embeddable":true,"href":"https:\/\/fomoburger.es\/en\/wp-json\/wp\/v2\/product_cat?post=4427"},{"taxonomy":"product_tag","embeddable":true,"href":"https:\/\/fomoburger.es\/en\/wp-json\/wp\/v2\/product_tag?post=4427"}],"curies":[{"name":"wp","href":"https:\/\/api.w.org\/{rel}","templated":true}]}}